{"id":3213,"date":"2024-01-06T11:47:59","date_gmt":"2024-01-06T10:47:59","guid":{"rendered":"https:\/\/chateauhautcazevert.com\/table-dhotes\/"},"modified":"2024-04-02T15:06:51","modified_gmt":"2024-04-02T13:06:51","slug":"hosts-table","status":"publish","type":"page","link":"https:\/\/chateauhautcazevert.com\/en\/hosts-table\/","title":{"rendered":"Host\u2019s Table"},"content":{"rendered":"\t\t<div data-elementor-type=\"wp-page\" data-elementor-id=\"3213\" class=\"elementor elementor-3213 elementor-1884\" data-elementor-settings=\"{&quot;ha_cmc_init_switcher&quot;:&quot;no&quot;}\" data-elementor-post-type=\"page\">\n\t\t\t\t\t\t<section class=\"elementor-section elementor-top-section elementor-element elementor-element-32de6b83 elementor-section-boxed elementor-section-height-default elementor-section-height-default\" data-id=\"32de6b83\" data-element_type=\"section\" data-e-type=\"section\" id=\"xs_blog_sort_an_full_grid\" data-settings=\"{&quot;background_background&quot;:&quot;classic&quot;,&quot;_ha_eqh_enable&quot;:false}\">\n\t\t\t\t\t\t\t<div class=\"elementor-background-overlay\"><\/div>\n\t\t\t\t\t\t\t<div class=\"elementor-container elementor-column-gap-default\">\n\t\t\t\t\t<div class=\"elementor-column elementor-col-100 elementor-top-column elementor-element elementor-element-1f801095\" data-id=\"1f801095\" data-element_type=\"column\" data-e-type=\"column\">\n\t\t\t<div class=\"elementor-widget-wrap elementor-element-populated\">\n\t\t\t\t\t\t<div class=\"elementor-element elementor-element-3bc5123e elementor-widget elementor-widget-elementskit-heading\" data-id=\"3bc5123e\" data-element_type=\"widget\" data-e-type=\"widget\" data-widget_type=\"elementskit-heading.default\">\n\t\t\t\t<div class=\"elementor-widget-container\">\n\t\t\t\t\t<div class=\"ekit-wid-con\" ><div class=\"ekit-heading elementskit-section-title-wraper center   ekit_heading_tablet-   ekit_heading_mobile-\"><h1 class=\"ekit-heading--title elementskit-section-title \">La Table d'h\u00f4tes<\/h1><\/div><\/div>\t\t\t\t<\/div>\n\t\t\t\t<\/div>\n\t\t\t\t\t<\/div>\n\t\t<\/div>\n\t\t\t\t\t<\/div>\n\t\t<\/section>\n\t\t<div class=\"elementor-element elementor-element-e988d3a e-flex e-con-boxed e-con e-parent\" data-id=\"e988d3a\" data-element_type=\"container\" data-e-type=\"container\" data-settings=\"{&quot;_ha_eqh_enable&quot;:false}\">\n\t\t\t\t\t<div class=\"e-con-inner\">\n\t\t<div class=\"elementor-element elementor-element-900e2a8 e-con-full e-flex e-con e-child\" data-id=\"900e2a8\" data-element_type=\"container\" data-e-type=\"container\" data-settings=\"{&quot;_ha_eqh_enable&quot;:false}\">\n\t\t\t\t<div class=\"elementor-element elementor-element-0e41349 elementor-widget elementor-widget-text-editor\" data-id=\"0e41349\" data-element_type=\"widget\" data-e-type=\"widget\" data-widget_type=\"text-editor.default\">\n\t\t\t\t<div class=\"elementor-widget-container\">\n\t\t\t\t\t\t\t\t\t<p>For the most discerning gourmets, Ch\u00e2teau Haut Cazevert offers a table d&#8217;h\u00f4tes that will delight your taste buds! Whether in front of the sunset in summer or by the fire in winter, you&#8217;ll enjoy an aperitif followed by a dinner concocted by Raquel, who will introduce you to her Franco-Spanish cuisine, a traditional blend of generosity and the nobility of products.<\/p>\n<p>Dinners follow the seasons and feature mainly local produce. They will be adapted to your preferences and\/or allergies.<\/p>\n<p>In winter, for example, you can enjoy a filet mignon with mustard and honey from our beehives, while in summer you can enjoy vegetables from our kitchen garden in salads or tarts&#8230; Emmanuel will suggest food and wine pairings.<\/p>\n<p>Dinners can be served any day of the week except Sunday, and must be ordered the day before.<\/p>\n\t\t\t\t\t\t\t\t<\/div>\n\t\t\t\t<\/div>\n\t\t\t\t<\/div>\n\t\t<div class=\"elementor-element elementor-element-b4422c3 e-con-full e-flex e-con e-child\" data-id=\"b4422c3\" data-element_type=\"container\" data-e-type=\"container\" data-settings=\"{&quot;_ha_eqh_enable&quot;:false}\">\n\t\t\t\t<div class=\"elementor-element elementor-element-74889d2 elementor-widget elementor-widget-image\" data-id=\"74889d2\" data-element_type=\"widget\" data-e-type=\"widget\" data-widget_type=\"image.default\">\n\t\t\t\t<div class=\"elementor-widget-container\">\n\t\t\t\t\t\t\t\t\t\t\t\t\t\t\t<img fetchpriority=\"high\" decoding=\"async\" width=\"379\" height=\"619\" src=\"https:\/\/chateauhautcazevert.com\/wp-content\/uploads\/2024\/01\/2-tables-dhotes.jpg\" class=\"attachment-large size-large wp-image-3050\" alt=\"\" srcset=\"https:\/\/chateauhautcazevert.com\/wp-content\/uploads\/2024\/01\/2-tables-dhotes.jpg 379w, https:\/\/chateauhautcazevert.com\/wp-content\/uploads\/2024\/01\/2-tables-dhotes-184x300.jpg 184w\" sizes=\"(max-width: 379px) 100vw, 379px\" \/>\t\t\t\t\t\t\t\t\t\t\t\t\t\t\t<\/div>\n\t\t\t\t<\/div>\n\t\t\t\t<\/div>\n\t\t\t\t\t<\/div>\n\t\t\t\t<\/div>\n\t\t<div class=\"elementor-element elementor-element-9b9e8dd e-flex e-con-boxed e-con e-parent\" data-id=\"9b9e8dd\" data-element_type=\"container\" data-e-type=\"container\" data-settings=\"{&quot;_ha_eqh_enable&quot;:false}\">\n\t\t\t\t\t<div class=\"e-con-inner\">\n\t\t\t\t\t<\/div>\n\t\t\t\t<\/div>\n\t\t\t\t<\/div>\n\t\t","protected":false},"excerpt":{"rendered":"<p>La Table d&#8217;h\u00f4tes For the most discerning gourmets, Ch\u00e2teau Haut Cazevert offers a table d&#8217;h\u00f4tes that will delight your taste buds! Whether in front of the sunset in summer or by the fire in winter, you&#8217;ll enjoy an aperitif followed by a dinner concocted by Raquel, who will introduce you to her Franco-Spanish cuisine, a [&hellip;]<\/p>\n","protected":false},"author":1,"featured_media":0,"parent":0,"menu_order":0,"comment_status":"closed","ping_status":"closed","template":"","meta":{"footnotes":""},"class_list":["post-3213","page","type-page","status-publish","hentry"],"yoast_head":"<!-- This site is optimized with the Yoast SEO plugin v27.4 - https:\/\/yoast.com\/product\/yoast-seo-wordpress\/ -->\n<title>Table d&#039;h\u00f4tes ch\u00e2teau haut Cazevert Balisimon<\/title>\n<meta name=\"description\" content=\"For the most discerning gourmets, Ch\u00e2teau Haut Cazevert offers a table d&#039;h\u00f4tes that will delight your taste buds! Whether in front of the sunset in summer or by the fire in winter, you&#039;ll enjoy an aperitif followed by a dinner concocted by Raquel, who will introduce you to her Franco-Spanish cuisine, a traditional blend of generosity and the nobility of products.\" \/>\n<meta name=\"robots\" content=\"index, follow, max-snippet:-1, max-image-preview:large, max-video-preview:-1\" \/>\n<link rel=\"canonical\" href=\"https:\/\/chateauhautcazevert.com\/en\/hosts-table\/\" \/>\n<meta property=\"og:locale\" content=\"en_US\" \/>\n<meta property=\"og:type\" content=\"article\" \/>\n<meta property=\"og:title\" content=\"Table d&#039;h\u00f4tes ch\u00e2teau haut Cazevert Balisimon\" \/>\n<meta property=\"og:description\" content=\"For the most discerning gourmets, Ch\u00e2teau Haut Cazevert offers a table d&#039;h\u00f4tes that will delight your taste buds! Whether in front of the sunset in summer or by the fire in winter, you&#039;ll enjoy an aperitif followed by a dinner concocted by Raquel, who will introduce you to her Franco-Spanish cuisine, a traditional blend of generosity and the nobility of products.\" \/>\n<meta property=\"og:url\" content=\"https:\/\/chateauhautcazevert.com\/en\/hosts-table\/\" \/>\n<meta property=\"og:site_name\" content=\"Ch&acirc;teau Haut Cazevert\" \/>\n<meta property=\"article:publisher\" content=\"https:\/\/www.facebook.com\/people\/Chteau-Haut-Cazevert\/100089598294027\/\" \/>\n<meta property=\"article:modified_time\" content=\"2024-04-02T13:06:51+00:00\" \/>\n<meta property=\"og:image\" content=\"https:\/\/chateauhautcazevert.com\/wp-content\/uploads\/2024\/01\/2-tables-dhotes.jpg\" \/>\n<meta name=\"twitter:card\" content=\"summary_large_image\" \/>\n<meta name=\"twitter:label1\" content=\"Est. reading time\" \/>\n\t<meta name=\"twitter:data1\" content=\"1 minute\" \/>\n<script type=\"application\/ld+json\" class=\"yoast-schema-graph\">{\"@context\":\"https:\\\/\\\/schema.org\",\"@graph\":[{\"@type\":\"WebPage\",\"@id\":\"https:\\\/\\\/chateauhautcazevert.com\\\/en\\\/hosts-table\\\/\",\"url\":\"https:\\\/\\\/chateauhautcazevert.com\\\/en\\\/hosts-table\\\/\",\"name\":\"Table d'h\u00f4tes ch\u00e2teau haut Cazevert Balisimon\",\"isPartOf\":{\"@id\":\"https:\\\/\\\/chateauhautcazevert.com\\\/en\\\/#website\"},\"primaryImageOfPage\":{\"@id\":\"https:\\\/\\\/chateauhautcazevert.com\\\/en\\\/hosts-table\\\/#primaryimage\"},\"image\":{\"@id\":\"https:\\\/\\\/chateauhautcazevert.com\\\/en\\\/hosts-table\\\/#primaryimage\"},\"thumbnailUrl\":\"https:\\\/\\\/chateauhautcazevert.com\\\/wp-content\\\/uploads\\\/2024\\\/01\\\/2-tables-dhotes.jpg\",\"datePublished\":\"2024-01-06T10:47:59+00:00\",\"dateModified\":\"2024-04-02T13:06:51+00:00\",\"description\":\"For the most discerning gourmets, Ch\u00e2teau Haut Cazevert offers a table d'h\u00f4tes that will delight your taste buds! Whether in front of the sunset in summer or by the fire in winter, you'll enjoy an aperitif followed by a dinner concocted by Raquel, who will introduce you to her Franco-Spanish cuisine, a traditional blend of generosity and the nobility of products.\",\"breadcrumb\":{\"@id\":\"https:\\\/\\\/chateauhautcazevert.com\\\/en\\\/hosts-table\\\/#breadcrumb\"},\"inLanguage\":\"en-US\",\"potentialAction\":[{\"@type\":\"ReadAction\",\"target\":[\"https:\\\/\\\/chateauhautcazevert.com\\\/en\\\/hosts-table\\\/\"]}]},{\"@type\":\"ImageObject\",\"inLanguage\":\"en-US\",\"@id\":\"https:\\\/\\\/chateauhautcazevert.com\\\/en\\\/hosts-table\\\/#primaryimage\",\"url\":\"https:\\\/\\\/chateauhautcazevert.com\\\/wp-content\\\/uploads\\\/2024\\\/01\\\/2-tables-dhotes.jpg\",\"contentUrl\":\"https:\\\/\\\/chateauhautcazevert.com\\\/wp-content\\\/uploads\\\/2024\\\/01\\\/2-tables-dhotes.jpg\"},{\"@type\":\"BreadcrumbList\",\"@id\":\"https:\\\/\\\/chateauhautcazevert.com\\\/en\\\/hosts-table\\\/#breadcrumb\",\"itemListElement\":[{\"@type\":\"ListItem\",\"position\":1,\"name\":\"Accueil\",\"item\":\"https:\\\/\\\/chateauhautcazevert.com\\\/en\\\/\"},{\"@type\":\"ListItem\",\"position\":2,\"name\":\"Host\u2019s Table\"}]},{\"@type\":\"WebSite\",\"@id\":\"https:\\\/\\\/chateauhautcazevert.com\\\/en\\\/#website\",\"url\":\"https:\\\/\\\/chateauhautcazevert.com\\\/en\\\/\",\"name\":\"Ch&acirc;teau Haut Cazevert\",\"description\":\"\",\"publisher\":{\"@id\":\"https:\\\/\\\/chateauhautcazevert.com\\\/en\\\/#organization\"},\"potentialAction\":[{\"@type\":\"SearchAction\",\"target\":{\"@type\":\"EntryPoint\",\"urlTemplate\":\"https:\\\/\\\/chateauhautcazevert.com\\\/en\\\/?s={search_term_string}\"},\"query-input\":{\"@type\":\"PropertyValueSpecification\",\"valueRequired\":true,\"valueName\":\"search_term_string\"}}],\"inLanguage\":\"en-US\"},{\"@type\":\"Organization\",\"@id\":\"https:\\\/\\\/chateauhautcazevert.com\\\/en\\\/#organization\",\"name\":\"Ch&acirc;teau Haut Cazevert\",\"url\":\"https:\\\/\\\/chateauhautcazevert.com\\\/en\\\/\",\"logo\":{\"@type\":\"ImageObject\",\"inLanguage\":\"en-US\",\"@id\":\"https:\\\/\\\/chateauhautcazevert.com\\\/en\\\/#\\\/schema\\\/logo\\\/image\\\/\",\"url\":\"https:\\\/\\\/chateauhautcazevert.com\\\/wp-content\\\/uploads\\\/2023\\\/10\\\/1-ChateauHaut-Cazevert.png\",\"contentUrl\":\"https:\\\/\\\/chateauhautcazevert.com\\\/wp-content\\\/uploads\\\/2023\\\/10\\\/1-ChateauHaut-Cazevert.png\",\"width\":160,\"height\":160,\"caption\":\"Ch&acirc;teau Haut Cazevert\"},\"image\":{\"@id\":\"https:\\\/\\\/chateauhautcazevert.com\\\/en\\\/#\\\/schema\\\/logo\\\/image\\\/\"},\"sameAs\":[\"https:\\\/\\\/www.facebook.com\\\/people\\\/Chteau-Haut-Cazevert\\\/100089598294027\\\/\",\"https:\\\/\\\/www.instagram.com\\\/chateauhautcazevert\\\/\"]}]}<\/script>\n<!-- \/ Yoast SEO plugin. -->","yoast_head_json":{"title":"Table d'h\u00f4tes ch\u00e2teau haut Cazevert Balisimon","description":"For the most discerning gourmets, Ch\u00e2teau Haut Cazevert offers a table d'h\u00f4tes that will delight your taste buds! Whether in front of the sunset in summer or by the fire in winter, you'll enjoy an aperitif followed by a dinner concocted by Raquel, who will introduce you to her Franco-Spanish cuisine, a traditional blend of generosity and the nobility of products.","robots":{"index":"index","follow":"follow","max-snippet":"max-snippet:-1","max-image-preview":"max-image-preview:large","max-video-preview":"max-video-preview:-1"},"canonical":"https:\/\/chateauhautcazevert.com\/en\/hosts-table\/","og_locale":"en_US","og_type":"article","og_title":"Table d'h\u00f4tes ch\u00e2teau haut Cazevert Balisimon","og_description":"For the most discerning gourmets, Ch\u00e2teau Haut Cazevert offers a table d'h\u00f4tes that will delight your taste buds! Whether in front of the sunset in summer or by the fire in winter, you'll enjoy an aperitif followed by a dinner concocted by Raquel, who will introduce you to her Franco-Spanish cuisine, a traditional blend of generosity and the nobility of products.","og_url":"https:\/\/chateauhautcazevert.com\/en\/hosts-table\/","og_site_name":"Ch&acirc;teau Haut Cazevert","article_publisher":"https:\/\/www.facebook.com\/people\/Chteau-Haut-Cazevert\/100089598294027\/","article_modified_time":"2024-04-02T13:06:51+00:00","og_image":[{"url":"https:\/\/chateauhautcazevert.com\/wp-content\/uploads\/2024\/01\/2-tables-dhotes.jpg","type":"","width":"","height":""}],"twitter_card":"summary_large_image","twitter_misc":{"Est. reading time":"1 minute"},"schema":{"@context":"https:\/\/schema.org","@graph":[{"@type":"WebPage","@id":"https:\/\/chateauhautcazevert.com\/en\/hosts-table\/","url":"https:\/\/chateauhautcazevert.com\/en\/hosts-table\/","name":"Table d'h\u00f4tes ch\u00e2teau haut Cazevert Balisimon","isPartOf":{"@id":"https:\/\/chateauhautcazevert.com\/en\/#website"},"primaryImageOfPage":{"@id":"https:\/\/chateauhautcazevert.com\/en\/hosts-table\/#primaryimage"},"image":{"@id":"https:\/\/chateauhautcazevert.com\/en\/hosts-table\/#primaryimage"},"thumbnailUrl":"https:\/\/chateauhautcazevert.com\/wp-content\/uploads\/2024\/01\/2-tables-dhotes.jpg","datePublished":"2024-01-06T10:47:59+00:00","dateModified":"2024-04-02T13:06:51+00:00","description":"For the most discerning gourmets, Ch\u00e2teau Haut Cazevert offers a table d'h\u00f4tes that will delight your taste buds! Whether in front of the sunset in summer or by the fire in winter, you'll enjoy an aperitif followed by a dinner concocted by Raquel, who will introduce you to her Franco-Spanish cuisine, a traditional blend of generosity and the nobility of products.","breadcrumb":{"@id":"https:\/\/chateauhautcazevert.com\/en\/hosts-table\/#breadcrumb"},"inLanguage":"en-US","potentialAction":[{"@type":"ReadAction","target":["https:\/\/chateauhautcazevert.com\/en\/hosts-table\/"]}]},{"@type":"ImageObject","inLanguage":"en-US","@id":"https:\/\/chateauhautcazevert.com\/en\/hosts-table\/#primaryimage","url":"https:\/\/chateauhautcazevert.com\/wp-content\/uploads\/2024\/01\/2-tables-dhotes.jpg","contentUrl":"https:\/\/chateauhautcazevert.com\/wp-content\/uploads\/2024\/01\/2-tables-dhotes.jpg"},{"@type":"BreadcrumbList","@id":"https:\/\/chateauhautcazevert.com\/en\/hosts-table\/#breadcrumb","itemListElement":[{"@type":"ListItem","position":1,"name":"Accueil","item":"https:\/\/chateauhautcazevert.com\/en\/"},{"@type":"ListItem","position":2,"name":"Host\u2019s Table"}]},{"@type":"WebSite","@id":"https:\/\/chateauhautcazevert.com\/en\/#website","url":"https:\/\/chateauhautcazevert.com\/en\/","name":"Ch&acirc;teau Haut Cazevert","description":"","publisher":{"@id":"https:\/\/chateauhautcazevert.com\/en\/#organization"},"potentialAction":[{"@type":"SearchAction","target":{"@type":"EntryPoint","urlTemplate":"https:\/\/chateauhautcazevert.com\/en\/?s={search_term_string}"},"query-input":{"@type":"PropertyValueSpecification","valueRequired":true,"valueName":"search_term_string"}}],"inLanguage":"en-US"},{"@type":"Organization","@id":"https:\/\/chateauhautcazevert.com\/en\/#organization","name":"Ch&acirc;teau Haut Cazevert","url":"https:\/\/chateauhautcazevert.com\/en\/","logo":{"@type":"ImageObject","inLanguage":"en-US","@id":"https:\/\/chateauhautcazevert.com\/en\/#\/schema\/logo\/image\/","url":"https:\/\/chateauhautcazevert.com\/wp-content\/uploads\/2023\/10\/1-ChateauHaut-Cazevert.png","contentUrl":"https:\/\/chateauhautcazevert.com\/wp-content\/uploads\/2023\/10\/1-ChateauHaut-Cazevert.png","width":160,"height":160,"caption":"Ch&acirc;teau Haut Cazevert"},"image":{"@id":"https:\/\/chateauhautcazevert.com\/en\/#\/schema\/logo\/image\/"},"sameAs":["https:\/\/www.facebook.com\/people\/Chteau-Haut-Cazevert\/100089598294027\/","https:\/\/www.instagram.com\/chateauhautcazevert\/"]}]}},"_links":{"self":[{"href":"https:\/\/chateauhautcazevert.com\/en\/wp-json\/wp\/v2\/pages\/3213","targetHints":{"allow":["GET"]}}],"collection":[{"href":"https:\/\/chateauhautcazevert.com\/en\/wp-json\/wp\/v2\/pages"}],"about":[{"href":"https:\/\/chateauhautcazevert.com\/en\/wp-json\/wp\/v2\/types\/page"}],"author":[{"embeddable":true,"href":"https:\/\/chateauhautcazevert.com\/en\/wp-json\/wp\/v2\/users\/1"}],"replies":[{"embeddable":true,"href":"https:\/\/chateauhautcazevert.com\/en\/wp-json\/wp\/v2\/comments?post=3213"}],"version-history":[{"count":2,"href":"https:\/\/chateauhautcazevert.com\/en\/wp-json\/wp\/v2\/pages\/3213\/revisions"}],"predecessor-version":[{"id":3217,"href":"https:\/\/chateauhautcazevert.com\/en\/wp-json\/wp\/v2\/pages\/3213\/revisions\/3217"}],"wp:attachment":[{"href":"https:\/\/chateauhautcazevert.com\/en\/wp-json\/wp\/v2\/media?parent=3213"}],"curies":[{"name":"wp","href":"https:\/\/api.w.org\/{rel}","templated":true}]}}